{"id":99,"date":"2019-08-10T23:38:40","date_gmt":"2019-08-10T21:38:40","guid":{"rendered":"http:\/\/labourseades.fr\/wordpress\/?page_id=99"},"modified":"2019-08-12T12:43:32","modified_gmt":"2019-08-12T10:43:32","slug":"emission-les-plaisirs-ludiques","status":"publish","type":"page","link":"https:\/\/labourseades.fr\/index.php\/emission-les-plaisirs-ludiques\/","title":{"rendered":"\u00c9mission Les Plaisirs Ludiques"},"content":{"rendered":"\n<figure class=\"wp-block-audio\"><audio controls src=\"http:\/\/labourseades.fr\/wordpress\/wp-content\/uploads\/2019\/08\/Spot-Pub-PL.wav\"><\/audio><figcaption>Si vous aimez les teaser audio, plut\u00f4t qu&#8217;un long paragraphe explicatif<\/figcaption><\/figure>\n\n\n\n<p>L\u2019association a la chance d\u2019assurer une \u00e9mission de radio hebdomadaire, Les Plaisirs Ludiques ! Toute l\u2019\u00e9quipe se r\u00e9unit en studio et en direct<strong> chaque dimanche de 17h \u00e0 18h sur Radio Pulsar 95.9<\/strong> pour parler des derni\u00e8res nouvelles jeux de r\u00f4le et de soci\u00e9t\u00e9, tester des jeux, parler de culture g\u00e9n\u00e9rale et d&#8217;adaptations ludiques (romans, films, s\u00e9ries, etc.) et m\u00eame animer un quart d\u2019heure d\u2019immersion en direct dans une partie de jeu de r\u00f4le ! Si la radio vous a toujours fascin\u00e9, si vous voulez pouvoir vous exprimer en direct  ou si vous aimeriez apprendre comment cr\u00e9er et animer une \u00e9mission de  radio,<strong> l\u2019\u00e9quipe des Plaisirs Ludiques pourra vous accueillir dans ses  rangs<\/strong> ! <\/p>\n\n\n\n<figure class=\"wp-block-embed-wordpress wp-block-embed is-type-wp-embed is-provider-radio-pulsar\"><div class=\"wp-block-embed__wrapper\">\n<blockquote class=\"wp-embedded-content\" data-secret=\"r8WmRWgePW\"><a href=\"https:\/\/www.radio-pulsar.org\/emissions\/thema\/plaisirs-ludiques\/\">Plaisirs Ludiques<\/a><\/blockquote><iframe class=\"wp-embedded-content\" sandbox=\"allow-scripts\" security=\"restricted\" style=\"position: absolute; clip: rect(1px, 1px, 1px, 1px);\" title=\"\u00ab\u00a0Plaisirs Ludiques\u00a0\u00bb &#8212; Radio Pulsar\" src=\"https:\/\/www.radio-pulsar.org\/emissions\/thema\/plaisirs-ludiques\/embed\/#?secret=c2DK6SDQNe#?secret=r8WmRWgePW\" data-secret=\"r8WmRWgePW\" width=\"600\" height=\"338\" frameborder=\"0\" marginwidth=\"0\" marginheight=\"0\" scrolling=\"no\"><\/iframe>\n<\/div><\/figure>\n\n\n\n<figure class=\"wp-block-audio\"><audio controls src=\"http:\/\/labourseades.fr\/wordpress\/wp-content\/uploads\/2019\/08\/Extrait-Plaisirs-Ludiques.mp3\"><\/audio><figcaption>Voici un petit extrait d&#8217;\u00e9mission, pour se faire une id\u00e9e des chroniques<\/figcaption><\/figure>\n\n\n\n<h2 class=\"wp-block-heading\">Nos podcasts<\/h2>\n\n\n\n<figure class=\"wp-block-embed-mixcloud wp-block-embed is-type-rich is-provider-mixcloud wp-embed-aspect-9-16 wp-has-aspect-ratio\"><div class=\"wp-block-embed__wrapper\">\n<iframe loading=\"lazy\" title=\"Plaisirsludiques\" width=\"200\" height=\"250\" src=\"https:\/\/www.mixcloud.com\/widget\/follow\/?u=https%3A%2F%2Fwww.mixcloud.com%2FPlaisirsLudiques%2F\" frameborder=\"0\"><\/iframe>\n<\/div><figcaption>Retrouvez tous nos podcast sur MixCloud !<\/figcaption><\/figure>\n\n\n\n<h4 class=\"wp-block-heading\">Le studio de Radio Pulsar<\/h4>\n\n\n\n<ul class=\"wp-block-gallery columns-2 is-cropped wp-block-gallery-1 is-layout-flex wp-block-gallery-is-layout-flex\"><li class=\"blocks-gallery-item\"><figure><img loading=\"lazy\" decoding=\"async\" width=\"1024\" height=\"768\" src=\"http:\/\/labourseades.fr\/wordpress\/wp-content\/uploads\/2019\/08\/qzerqzerqrze-1024x768.jpg\" alt=\"\" data-id=\"197\" data-link=\"http:\/\/labourseades.fr\/wordpress\/index.php\/emission-les-plaisirs-ludiques\/qzerqzerqrze\/\" class=\"wp-image-197\" srcset=\"https:\/\/labourseades.fr\/wordpress\/wp-content\/uploads\/2019\/08\/qzerqzerqrze-1024x768.jpg 1024w, https:\/\/labourseades.fr\/wordpress\/wp-content\/uploads\/2019\/08\/qzerqzerqrze-300x225.jpg 300w, https:\/\/labourseades.fr\/wordpress\/wp-content\/uploads\/2019\/08\/qzerqzerqrze-768x576.jpg 768w, https:\/\/labourseades.fr\/wordpress\/wp-content\/uploads\/2019\/08\/qzerqzerqrze.jpg 2048w\" sizes=\"(max-width: 1024px) 100vw, 1024px\" \/><\/figure><\/li><li class=\"blocks-gallery-item\"><figure><img loading=\"lazy\" decoding=\"async\" width=\"1024\" height=\"765\" src=\"http:\/\/labourseades.fr\/wordpress\/wp-content\/uploads\/2019\/08\/vgjhvgjv-1024x765.jpg\" alt=\"\" data-id=\"198\" data-link=\"http:\/\/labourseades.fr\/wordpress\/index.php\/emission-les-plaisirs-ludiques\/vgjhvgjv\/\" class=\"wp-image-198\" srcset=\"https:\/\/labourseades.fr\/wordpress\/wp-content\/uploads\/2019\/08\/vgjhvgjv-1024x765.jpg 1024w, https:\/\/labourseades.fr\/wordpress\/wp-content\/uploads\/2019\/08\/vgjhvgjv-300x224.jpg 300w, https:\/\/labourseades.fr\/wordpress\/wp-content\/uploads\/2019\/08\/vgjhvgjv-768x573.jpg 768w, https:\/\/labourseades.fr\/wordpress\/wp-content\/uploads\/2019\/08\/vgjhvgjv.jpg 2048w\" sizes=\"(max-width: 1024px) 100vw, 1024px\" \/><\/figure><\/li><\/ul>\n\n\n\n<h4 class=\"wp-block-heading\">Exemple de conducteur<\/h4>\n\n\n\n<p>Si vous aimez bien suivre l&#8217;\u00e9mission, mais que vous en avez marre de ne pas savoir &#8220;o\u00f9 on en est ?&#8221; voici un exemple de conducteur ! Il s&#8217;agit d&#8217;un outil que l&#8217;\u00e9quipe utilise pour savoir quelles chroniques doivent se d\u00e9rouler \u00e0 quel moment, quand faire une pause musicale et quand rendre l&#8217;antenne. Vous voil\u00e0 presque en studio !<\/p>\n\n\n\n<figure class=\"wp-block-image\"><img loading=\"lazy\" decoding=\"async\" width=\"556\" height=\"824\" src=\"http:\/\/labourseades.fr\/wordpress\/wp-content\/uploads\/2019\/08\/Visuel-Conducteur.png\" alt=\"\" class=\"wp-image-206\" srcset=\"https:\/\/labourseades.fr\/wordpress\/wp-content\/uploads\/2019\/08\/Visuel-Conducteur.png 556w, https:\/\/labourseades.fr\/wordpress\/wp-content\/uploads\/2019\/08\/Visuel-Conducteur-202x300.png 202w\" sizes=\"(max-width: 556px) 100vw, 556px\" \/><figcaption>Oui, vous avez m\u00eame les SUPERBES couleurs originales<\/figcaption><\/figure>\n\n\n\n<h4 class=\"wp-block-heading\">L&#8217;\u00e9quipe 2018 &#8211; 2019<\/h4>\n\n\n\n<figure class=\"wp-block-image\"><img loading=\"lazy\" decoding=\"async\" width=\"1024\" height=\"802\" src=\"http:\/\/labourseades.fr\/wordpress\/wp-content\/uploads\/2019\/08\/Affiche-Plaisirs-Ludiques-2018-1024x802.png\" alt=\"\" class=\"wp-image-123\" srcset=\"https:\/\/labourseades.fr\/wordpress\/wp-content\/uploads\/2019\/08\/Affiche-Plaisirs-Ludiques-2018-1024x802.png 1024w, https:\/\/labourseades.fr\/wordpress\/wp-content\/uploads\/2019\/08\/Affiche-Plaisirs-Ludiques-2018-300x235.png 300w, https:\/\/labourseades.fr\/wordpress\/wp-content\/uploads\/2019\/08\/Affiche-Plaisirs-Ludiques-2018-768x601.png 768w\" sizes=\"(max-width: 1024px) 100vw, 1024px\" \/><\/figure>\n\n\n\n<h4 class=\"wp-block-heading\">L&#8217;\u00e9quipe 2017 &#8211; 2018<\/h4>\n\n\n\n<figure class=\"wp-block-image\"><img loading=\"lazy\" decoding=\"async\" width=\"1024\" height=\"802\" src=\"http:\/\/labourseades.fr\/wordpress\/wp-content\/uploads\/2019\/08\/Affiche-Plaisirs-Ludiques-alpha2-1024x802.jpg\" alt=\"\" class=\"wp-image-194\" srcset=\"https:\/\/labourseades.fr\/wordpress\/wp-content\/uploads\/2019\/08\/Affiche-Plaisirs-Ludiques-alpha2-1024x802.jpg 1024w, https:\/\/labourseades.fr\/wordpress\/wp-content\/uploads\/2019\/08\/Affiche-Plaisirs-Ludiques-alpha2-300x235.jpg 300w, https:\/\/labourseades.fr\/wordpress\/wp-content\/uploads\/2019\/08\/Affiche-Plaisirs-Ludiques-alpha2-768x601.jpg 768w\" sizes=\"(max-width: 1024px) 100vw, 1024px\" \/><\/figure>\n\n\n\n<h4 class=\"wp-block-heading\">L&#8217;\u00e9quipe 2016 &#8211; 2017<\/h4>\n\n\n\n<figure class=\"wp-block-image\"><img loading=\"lazy\" decoding=\"async\" width=\"1024\" height=\"666\" src=\"http:\/\/labourseades.fr\/wordpress\/wp-content\/uploads\/2019\/08\/Affiche-1024x666.png\" alt=\"\" class=\"wp-image-195\" srcset=\"https:\/\/labourseades.fr\/wordpress\/wp-content\/uploads\/2019\/08\/Affiche-1024x666.png 1024w, https:\/\/labourseades.fr\/wordpress\/wp-content\/uploads\/2019\/08\/Affiche-300x195.png 300w, https:\/\/labourseades.fr\/wordpress\/wp-content\/uploads\/2019\/08\/Affiche-768x499.png 768w, https:\/\/labourseades.fr\/wordpress\/wp-content\/uploads\/2019\/08\/Affiche.png 1498w\" sizes=\"(max-width: 1024px) 100vw, 1024px\" \/><\/figure>\n","protected":false},"excerpt":{"rendered":"<p>L\u2019association a la chance d\u2019assurer une \u00e9mission de radio hebdomadaire, Les Plaisirs Ludiques ! Toute l\u2019\u00e9quipe se r\u00e9unit en studio<\/p>\n","protected":false},"author":2,"featured_media":100,"parent":0,"menu_order":0,"comment_status":"closed","ping_status":"closed","template":"","meta":{"footnotes":""},"aioseo_notices":[],"_links":{"self":[{"href":"https:\/\/labourseades.fr\/index.php\/wp-json\/wp\/v2\/pages\/99"}],"collection":[{"href":"https:\/\/labourseades.fr\/index.php\/wp-json\/wp\/v2\/pages"}],"about":[{"href":"https:\/\/labourseades.fr\/index.php\/wp-json\/wp\/v2\/types\/page"}],"author":[{"embeddable":true,"href":"https:\/\/labourseades.fr\/index.php\/wp-json\/wp\/v2\/users\/2"}],"replies":[{"embeddable":true,"href":"https:\/\/labourseades.fr\/index.php\/wp-json\/wp\/v2\/comments?post=99"}],"version-history":[{"count":11,"href":"https:\/\/labourseades.fr\/index.php\/wp-json\/wp\/v2\/pages\/99\/revisions"}],"predecessor-version":[{"id":1632,"href":"https:\/\/labourseades.fr\/index.php\/wp-json\/wp\/v2\/pages\/99\/revisions\/1632"}],"wp:featuredmedia":[{"embeddable":true,"href":"https:\/\/labourseades.fr\/index.php\/wp-json\/wp\/v2\/media\/100"}],"wp:attachment":[{"href":"https:\/\/labourseades.fr\/index.php\/wp-json\/wp\/v2\/media?parent=99"}],"curies":[{"name":"wp","href":"https:\/\/api.w.org\/{rel}","templated":true}]}}