{"id":97,"date":"2019-08-10T23:37:54","date_gmt":"2019-08-10T21:37:54","guid":{"rendered":"http:\/\/labourseades.fr\/wordpress\/?page_id=97"},"modified":"2020-07-12T21:18:35","modified_gmt":"2020-07-12T19:18:35","slug":"magazine-le-de-cale","status":"publish","type":"page","link":"https:\/\/labourseades.fr\/index.php\/magazine-le-de-cale\/","title":{"rendered":"Magazine Le D\u00e9 Cal\u00e9"},"content":{"rendered":"\n<p>Le D\u00e9 Cal\u00e9 est un <strong>magazine semestriel<\/strong>, con\u00e7u par des b\u00e9n\u00e9voles de notre  association et d&#8217;autres partenaires, qui a pour but de parler jeux et de vous faire jouer.<br>Vous retrouverez dans ce magazine des tests de jeux, des interviews,  des news sur les sorties prochaines et aussi diverses chroniques d&#8217;aide associative ou de conception de sc\u00e9narios. Si vous voulez<strong> faire partie de l&#8217;\u00e9quipe<\/strong>, vous pouvez nous contacter. Vous pourrez r\u00e9diger des chroniques, des jeux, des tests ou bien faire des illustrations, voir vous initier au maquettage.<\/p>\n\n\n\n<h3 class=\"wp-block-heading\">Les couvertures<\/h3>\n\n\n\n<figure class=\"wp-block-gallery columns-3 is-cropped aligncenter wp-block-gallery-1 is-layout-flex wp-block-gallery-is-layout-flex\"><ul class=\"blocks-gallery-grid\"><li class=\"blocks-gallery-item\"><figure><img loading=\"lazy\" decoding=\"async\" width=\"743\" height=\"1024\" src=\"http:\/\/labourseades.fr\/wordpress\/wp-content\/uploads\/2019\/08\/Couverture-finale-DriveThruRPG-743x1024.png\" alt=\"\" data-id=\"219\" data-link=\"http:\/\/labourseades.fr\/wordpress\/index.php\/magazine-le-de-cale\/couverture-finale-drivethrurpg\/\" class=\"wp-image-219\" srcset=\"https:\/\/labourseades.fr\/wordpress\/wp-content\/uploads\/2019\/08\/Couverture-finale-DriveThruRPG-743x1024.png 743w, https:\/\/labourseades.fr\/wordpress\/wp-content\/uploads\/2019\/08\/Couverture-finale-DriveThruRPG-218x300.png 218w, https:\/\/labourseades.fr\/wordpress\/wp-content\/uploads\/2019\/08\/Couverture-finale-DriveThruRPG-768x1058.png 768w, https:\/\/labourseades.fr\/wordpress\/wp-content\/uploads\/2019\/08\/Couverture-finale-DriveThruRPG.png 900w\" sizes=\"(max-width: 743px) 100vw, 743px\" \/><\/figure><\/li><li class=\"blocks-gallery-item\"><figure><img loading=\"lazy\" decoding=\"async\" width=\"643\" height=\"909\" src=\"http:\/\/labourseades.fr\/wordpress\/wp-content\/uploads\/2019\/08\/DC-couverture.png\" alt=\"\" data-id=\"220\" data-link=\"http:\/\/labourseades.fr\/wordpress\/index.php\/magazine-le-de-cale\/dc-couverture\/\" class=\"wp-image-220\" srcset=\"https:\/\/labourseades.fr\/wordpress\/wp-content\/uploads\/2019\/08\/DC-couverture.png 643w, https:\/\/labourseades.fr\/wordpress\/wp-content\/uploads\/2019\/08\/DC-couverture-212x300.png 212w\" sizes=\"(max-width: 643px) 100vw, 643px\" \/><\/figure><\/li><li class=\"blocks-gallery-item\"><figure><img loading=\"lazy\" decoding=\"async\" width=\"724\" height=\"1024\" src=\"http:\/\/labourseades.fr\/wordpress\/wp-content\/uploads\/2019\/08\/Essai-maquette-DC-page001-724x1024.png\" alt=\"\" data-id=\"221\" data-link=\"http:\/\/labourseades.fr\/wordpress\/index.php\/magazine-le-de-cale\/essai-maquette-dc-page001\/\" class=\"wp-image-221\" srcset=\"https:\/\/labourseades.fr\/wordpress\/wp-content\/uploads\/2019\/08\/Essai-maquette-DC-page001-724x1024.png 724w, https:\/\/labourseades.fr\/wordpress\/wp-content\/uploads\/2019\/08\/Essai-maquette-DC-page001-212x300.png 212w, https:\/\/labourseades.fr\/wordpress\/wp-content\/uploads\/2019\/08\/Essai-maquette-DC-page001-768x1086.png 768w\" sizes=\"(max-width: 724px) 100vw, 724px\" \/><\/figure><\/li><li class=\"blocks-gallery-item\"><figure><img loading=\"lazy\" decoding=\"async\" width=\"724\" height=\"1024\" src=\"http:\/\/labourseades.fr\/wordpress\/wp-content\/uploads\/2019\/08\/Essai-maquette-DC4-page001-724x1024.png\" alt=\"\" data-id=\"222\" data-link=\"http:\/\/labourseades.fr\/wordpress\/index.php\/magazine-le-de-cale\/essai-maquette-dc4-page001\/\" class=\"wp-image-222\" srcset=\"https:\/\/labourseades.fr\/wordpress\/wp-content\/uploads\/2019\/08\/Essai-maquette-DC4-page001-724x1024.png 724w, https:\/\/labourseades.fr\/wordpress\/wp-content\/uploads\/2019\/08\/Essai-maquette-DC4-page001-212x300.png 212w, https:\/\/labourseades.fr\/wordpress\/wp-content\/uploads\/2019\/08\/Essai-maquette-DC4-page001-768x1086.png 768w\" sizes=\"(max-width: 724px) 100vw, 724px\" \/><\/figure><\/li><li class=\"blocks-gallery-item\"><figure><img loading=\"lazy\" decoding=\"async\" width=\"724\" height=\"1024\" src=\"https:\/\/labourseades.fr\/wordpress\/wp-content\/uploads\/2020\/07\/CouvertureDC5-724x1024.png\" alt=\"\" data-id=\"605\" data-full-url=\"https:\/\/labourseades.fr\/wordpress\/wp-content\/uploads\/2020\/07\/CouvertureDC5.png\" data-link=\"https:\/\/labourseades.fr\/index.php\/magazine-le-de-cale\/couverturedc5\/\" class=\"wp-image-605\" srcset=\"https:\/\/labourseades.fr\/wordpress\/wp-content\/uploads\/2020\/07\/CouvertureDC5-724x1024.png 724w, https:\/\/labourseades.fr\/wordpress\/wp-content\/uploads\/2020\/07\/CouvertureDC5-212x300.png 212w, https:\/\/labourseades.fr\/wordpress\/wp-content\/uploads\/2020\/07\/CouvertureDC5-768x1086.png 768w, https:\/\/labourseades.fr\/wordpress\/wp-content\/uploads\/2020\/07\/CouvertureDC5-1086x1536.png 1086w, https:\/\/labourseades.fr\/wordpress\/wp-content\/uploads\/2020\/07\/CouvertureDC5.png 1239w\" sizes=\"(max-width: 724px) 100vw, 724px\" \/><\/figure><\/li><\/ul><\/figure>\n\n\n\n<h3 class=\"wp-block-heading\">Les num\u00e9ros parus<\/h3>\n\n\n\n<p>D\u00e9 Cal\u00e9 5 2020 Disponible sur <a href=\"https:\/\/www.drivethrurpg.com\/product\/320275\/Magazine-Le-De-Cale-5\" class=\"aioseop-link\">DriveThruRPG<\/a><\/p>\n\n\n\n<div class=\"wp-block-file alignleft\"><a href=\"http:\/\/labourseades.fr\/wordpress\/wp-content\/uploads\/2019\/08\/D\u00e9-Cal\u00e9-4.pdf\">D\u00e9 Cal\u00e9 4 \u00c9t\u00e9 2019<\/a><a href=\"http:\/\/labourseades.fr\/wordpress\/wp-content\/uploads\/2019\/08\/D\u00e9-Cal\u00e9-4.pdf\" class=\"wp-block-file__button\" download>T\u00e9l\u00e9charger<\/a><\/div>\n\n\n\n<div class=\"wp-block-file alignleft\"><a href=\"http:\/\/labourseades.fr\/wordpress\/wp-content\/uploads\/2019\/08\/Magazine-Le-De-Cale-3.pdf\">D\u00e9 Cal\u00e9 3 Hiver 2018<\/a><a href=\"http:\/\/labourseades.fr\/wordpress\/wp-content\/uploads\/2019\/08\/Magazine-Le-De-Cale-3.pdf\" class=\"wp-block-file__button\" download>T\u00e9l\u00e9charger<\/a><\/div>\n\n\n\n<div class=\"wp-block-image\"><figure class=\"alignright is-resized\"><img loading=\"lazy\" decoding=\"async\" src=\"http:\/\/labourseades.fr\/wordpress\/wp-content\/uploads\/2019\/08\/Logo-DC.png\" alt=\"\" class=\"wp-image-225\" width=\"208\" height=\"88\" srcset=\"https:\/\/labourseades.fr\/wordpress\/wp-content\/uploads\/2019\/08\/Logo-DC.png 520w, https:\/\/labourseades.fr\/wordpress\/wp-content\/uploads\/2019\/08\/Logo-DC-300x128.png 300w\" sizes=\"(max-width: 208px) 100vw, 208px\" \/><\/figure><\/div>\n\n\n\n<div class=\"wp-block-file alignleft\"><a href=\"http:\/\/labourseades.fr\/wordpress\/wp-content\/uploads\/2019\/08\/D\u00e9Cal\u00e92rev3.pdf\">D\u00e9 Cal\u00e9 2 \u00c9t\u00e9 2018<\/a><a href=\"http:\/\/labourseades.fr\/wordpress\/wp-content\/uploads\/2019\/08\/D\u00e9Cal\u00e92rev3.pdf\" class=\"wp-block-file__button\" download>T\u00e9l\u00e9charger<\/a><\/div>\n\n\n\n<div class=\"wp-block-file alignleft\"><a href=\"http:\/\/labourseades.fr\/wordpress\/wp-content\/uploads\/2019\/08\/D\u00e9-Cal\u00e9-01-Hiver-2017.pdf\">D\u00e9 Cal\u00e9 1 Hiver 2017<\/a><a href=\"http:\/\/labourseades.fr\/wordpress\/wp-content\/uploads\/2019\/08\/D\u00e9-Cal\u00e9-01-Hiver-2017.pdf\" class=\"wp-block-file__button\" download>T\u00e9l\u00e9charger<\/a><\/div>\n","protected":false},"excerpt":{"rendered":"<p>Le D\u00e9 Cal\u00e9 est un magazine semestriel, con\u00e7u par des b\u00e9n\u00e9voles de notre association et d&#8217;autres partenaires, qui a pour<\/p>\n","protected":false},"author":2,"featured_media":0,"parent":0,"menu_order":0,"comment_status":"closed","ping_status":"closed","template":"","meta":{"footnotes":""},"aioseo_notices":[],"_links":{"self":[{"href":"https:\/\/labourseades.fr\/index.php\/wp-json\/wp\/v2\/pages\/97"}],"collection":[{"href":"https:\/\/labourseades.fr\/index.php\/wp-json\/wp\/v2\/pages"}],"about":[{"href":"https:\/\/labourseades.fr\/index.php\/wp-json\/wp\/v2\/types\/page"}],"author":[{"embeddable":true,"href":"https:\/\/labourseades.fr\/index.php\/wp-json\/wp\/v2\/users\/2"}],"replies":[{"embeddable":true,"href":"https:\/\/labourseades.fr\/index.php\/wp-json\/wp\/v2\/comments?post=97"}],"version-history":[{"count":8,"href":"https:\/\/labourseades.fr\/index.php\/wp-json\/wp\/v2\/pages\/97\/revisions"}],"predecessor-version":[{"id":610,"href":"https:\/\/labourseades.fr\/index.php\/wp-json\/wp\/v2\/pages\/97\/revisions\/610"}],"wp:attachment":[{"href":"https:\/\/labourseades.fr\/index.php\/wp-json\/wp\/v2\/media?parent=97"}],"curies":[{"name":"wp","href":"https:\/\/api.w.org\/{rel}","templated":true}]}}