{"id":644,"date":"2020-08-17T18:21:08","date_gmt":"2020-08-17T16:21:08","guid":{"rendered":"https:\/\/labourseades.fr\/?page_id=644"},"modified":"2020-09-03T22:34:24","modified_gmt":"2020-09-03T20:34:24","slug":"la-voix-ludique","status":"publish","type":"page","link":"https:\/\/labourseades.fr\/index.php\/la-voix-ludique\/","title":{"rendered":"Podcast Voix Ludique"},"content":{"rendered":"\n<figure class=\"wp-block-image size-large\"><img loading=\"lazy\" decoding=\"async\" width=\"1024\" height=\"1020\" src=\"https:\/\/labourseades.fr\/wordpress\/wp-content\/uploads\/2020\/08\/Vignette-VL-1024x1020.jpg\" alt=\"\" class=\"wp-image-647\" srcset=\"https:\/\/labourseades.fr\/wordpress\/wp-content\/uploads\/2020\/08\/Vignette-VL-1024x1020.jpg 1024w, https:\/\/labourseades.fr\/wordpress\/wp-content\/uploads\/2020\/08\/Vignette-VL-300x300.jpg 300w, https:\/\/labourseades.fr\/wordpress\/wp-content\/uploads\/2020\/08\/Vignette-VL-150x150.jpg 150w, https:\/\/labourseades.fr\/wordpress\/wp-content\/uploads\/2020\/08\/Vignette-VL-768x765.jpg 768w, https:\/\/labourseades.fr\/wordpress\/wp-content\/uploads\/2020\/08\/Vignette-VL-1536x1530.jpg 1536w, https:\/\/labourseades.fr\/wordpress\/wp-content\/uploads\/2020\/08\/Vignette-VL-2048x2041.jpg 2048w\" sizes=\"(max-width: 1024px) 100vw, 1024px\" \/><\/figure>\n\n\n\n<p class=\"has-text-align-center\">La Voix Ludique est une s\u00e9rie de podcasts de quelques minutes qui commente une actualit\u00e9 des mondes ludiques. Jeux de r\u00f4le ou jeux de soci\u00e9t\u00e9, le Voix Ludique vous invite \u00e0 d\u00e9couvrir, s&#8217;informer et s&#8217;interroger.<\/p>\n\n\n\n<div class=\"wp-block-file\"><a href=\"https:\/\/labourseades.fr\/wordpress\/wp-content\/uploads\/2020\/08\/VL-1-Libellud.mp3\">\u00c9pisode 1 Libellud<\/a><a href=\"https:\/\/labourseades.fr\/wordpress\/wp-content\/uploads\/2020\/08\/VL-1-Libellud.mp3\" class=\"wp-block-file__button\" download>T\u00e9l\u00e9charger<\/a><\/div>\n\n\n\n<p>Cr\u00e9dits : Chant elfique : The Prophecy \u2013 Howard Shore<\/p>\n\n\n\n<div class=\"wp-block-file\"><a href=\"https:\/\/labourseades.fr\/wordpress\/wp-content\/uploads\/2020\/08\/VL-2-EDGE.mp3\">\u00c9pisode 2 EDGE<\/a><a href=\"https:\/\/labourseades.fr\/wordpress\/wp-content\/uploads\/2020\/08\/VL-2-EDGE.mp3\" class=\"wp-block-file__button\" download>T\u00e9l\u00e9charger<\/a><\/div>\n\n\n\n<p>Cr\u00e9dits : Son \u00e9volution : Evolution Pokemon Saphir\/Rubis<\/p>\n\n\n\n<div class=\"wp-block-file\"><a href=\"https:\/\/labourseades.fr\/wordpress\/wp-content\/uploads\/2020\/08\/VL-3-Draft-7W.mp3\">\u00c9pisode 3 Draft et 7 Wonders<\/a><a href=\"https:\/\/labourseades.fr\/wordpress\/wp-content\/uploads\/2020\/08\/VL-3-Draft-7W.mp3\" class=\"wp-block-file__button\" download>T\u00e9l\u00e9charger<\/a><\/div>\n\n\n\n<p>Cr\u00e9dits : Musique : Christopher Tin &#8211; Baba Yetu Son : Jean Dujardin &#8211; OSS 117<\/p>\n\n\n\n<div class=\"wp-block-file\"><a href=\"https:\/\/labourseades.fr\/wordpress\/wp-content\/uploads\/2020\/09\/VL-4-7-merveilles.mp3\">\u00c9pisode 4 Les 7 merveilles du monde ludique<\/a><a href=\"https:\/\/labourseades.fr\/wordpress\/wp-content\/uploads\/2020\/09\/VL-4-7-merveilles.mp3\" class=\"wp-block-file__button\" download>T\u00e9l\u00e9charger<\/a><\/div>\n\n\n\n<p>Cr\u00e9dits : Musique : Ben Prunty &#8211; FTL Advanced Edition Lost Ship Explore<\/p>\n\n\n\n<h3 class=\"wp-block-heading\">Cr\u00e9dits g\u00e9n\u00e9raux<\/h3>\n\n\n\n<p>\u00c9criture, r\u00e9alisation, voix : Hadrien Dominault<br>Montage : Hadrien Dominault, Marina For\u00eat<br><strong>Cr\u00e9dit sons&nbsp;:<\/strong><br>Musique Intro&nbsp;: No Home for the bard &#8211;  <a href=\"https:\/\/www.youtube.com\/user\/MichaelGhelfi\">Mickael Ghelfi<\/a><br>Bruitage d\u00e9s&nbsp;: La sonoth\u00e8que.org<\/p>\n\n\n\n<p><\/p>\n","protected":false},"excerpt":{"rendered":"<p>La Voix Ludique est une s\u00e9rie de podcasts de quelques minutes qui commente une actualit\u00e9 des mondes ludiques. Jeux de<\/p>\n","protected":false},"author":2,"featured_media":0,"parent":0,"menu_order":0,"comment_status":"closed","ping_status":"closed","template":"","meta":{"footnotes":""},"aioseo_notices":[],"_links":{"self":[{"href":"https:\/\/labourseades.fr\/index.php\/wp-json\/wp\/v2\/pages\/644"}],"collection":[{"href":"https:\/\/labourseades.fr\/index.php\/wp-json\/wp\/v2\/pages"}],"about":[{"href":"https:\/\/labourseades.fr\/index.php\/wp-json\/wp\/v2\/types\/page"}],"author":[{"embeddable":true,"href":"https:\/\/labourseades.fr\/index.php\/wp-json\/wp\/v2\/users\/2"}],"replies":[{"embeddable":true,"href":"https:\/\/labourseades.fr\/index.php\/wp-json\/wp\/v2\/comments?post=644"}],"version-history":[{"count":6,"href":"https:\/\/labourseades.fr\/index.php\/wp-json\/wp\/v2\/pages\/644\/revisions"}],"predecessor-version":[{"id":665,"href":"https:\/\/labourseades.fr\/index.php\/wp-json\/wp\/v2\/pages\/644\/revisions\/665"}],"wp:attachment":[{"href":"https:\/\/labourseades.fr\/index.php\/wp-json\/wp\/v2\/media?parent=644"}],"curies":[{"name":"wp","href":"https:\/\/api.w.org\/{rel}","templated":true}]}}