{"id":34,"date":"2019-08-10T16:22:02","date_gmt":"2019-08-10T14:22:02","guid":{"rendered":"http:\/\/labourseades.fr\/wordpress\/?page_id=34"},"modified":"2025-12-04T12:38:13","modified_gmt":"2025-12-04T11:38:13","slug":"ressources","status":"publish","type":"page","link":"https:\/\/labourseades.fr\/index.php\/ressources\/","title":{"rendered":"Ressources"},"content":{"rendered":"\n<p>Vous pouvez retrouver ici toutes les informations publiques concernant La Bourse \u00e0 D\u00e9s. La charte du b\u00e9n\u00e9vole est \u00e0 disposition pour toute personne souhaitant s&#8217;engager. Si vous avez des questions, n&#8217;h\u00e9sitez pas \u00e0 nous <a href=\"http:\/\/labourseades.fr\/wordpress\/index.php\/contact\/\">contacter<\/a>.<\/p>\n\n\n\n<h2 class=\"wp-block-heading\">Charte de l&#8217;engagement associatif<\/h2>\n\n\n\n<p>Vous pouvez t\u00e9l\u00e9charger la Charte du B\u00e9n\u00e9vole pour rejoindre l&#8217;association en tant que membre et consacrer du temps aux projets de l&#8217;association.<\/p>\n\n\n\n<div class=\"wp-block-file\"><a id=\"wp-block-file--media-813f66e3-6aa1-4b57-8fde-c6cd799ad537\" href=\"http:\/\/labourseades.fr\/wordpress\/wp-content\/uploads\/2019\/08\/Charte-b\u00e9n\u00e9vole-LBD.pdf\">Charte du B\u00e9n\u00e9vole<\/a><a href=\"http:\/\/labourseades.fr\/wordpress\/wp-content\/uploads\/2019\/08\/Charte-b\u00e9n\u00e9vole-LBD.pdf\" class=\"wp-block-file__button wp-element-button\" download aria-describedby=\"wp-block-file--media-813f66e3-6aa1-4b57-8fde-c6cd799ad537\">T\u00e9l\u00e9charger<\/a><\/div>\n\n\n\n<figure class=\"wp-block-gallery has-nested-images columns-default is-cropped wp-block-gallery-1 is-layout-flex wp-block-gallery-is-layout-flex\">\n<figure class=\"wp-block-image size-large\"><img loading=\"lazy\" decoding=\"async\" width=\"722\" height=\"1024\" data-id=\"158\" src=\"https:\/\/labourseades.fr\/wordpress\/wp-content\/uploads\/2019\/08\/Affiche-Ultavia-722x1024.jpg\" alt=\"\" class=\"wp-image-158\" srcset=\"https:\/\/labourseades.fr\/wordpress\/wp-content\/uploads\/2019\/08\/Affiche-Ultavia-722x1024.jpg 722w, https:\/\/labourseades.fr\/wordpress\/wp-content\/uploads\/2019\/08\/Affiche-Ultavia-212x300.jpg 212w, https:\/\/labourseades.fr\/wordpress\/wp-content\/uploads\/2019\/08\/Affiche-Ultavia-768x1089.jpg 768w, https:\/\/labourseades.fr\/wordpress\/wp-content\/uploads\/2019\/08\/Affiche-Ultavia.jpg 1440w\" sizes=\"(max-width: 722px) 100vw, 722px\" \/><\/figure>\n\n\n\n<figure class=\"wp-block-image size-large\"><img loading=\"lazy\" decoding=\"async\" width=\"675\" height=\"960\" data-id=\"159\" src=\"https:\/\/labourseades.fr\/wordpress\/wp-content\/uploads\/2019\/08\/Affiche-Ultavia-II.jpg\" alt=\"\" class=\"wp-image-159\" srcset=\"https:\/\/labourseades.fr\/wordpress\/wp-content\/uploads\/2019\/08\/Affiche-Ultavia-II.jpg 675w, https:\/\/labourseades.fr\/wordpress\/wp-content\/uploads\/2019\/08\/Affiche-Ultavia-II-211x300.jpg 211w\" sizes=\"(max-width: 675px) 100vw, 675px\" \/><\/figure>\n\n\n\n<figure class=\"wp-block-image size-large\"><img loading=\"lazy\" decoding=\"async\" width=\"735\" height=\"1024\" data-id=\"160\" src=\"https:\/\/labourseades.fr\/wordpress\/wp-content\/uploads\/2019\/08\/Affiche-HD-Ultavia-735x1024.jpg\" alt=\"\" class=\"wp-image-160\" srcset=\"https:\/\/labourseades.fr\/wordpress\/wp-content\/uploads\/2019\/08\/Affiche-HD-Ultavia-735x1024.jpg 735w, https:\/\/labourseades.fr\/wordpress\/wp-content\/uploads\/2019\/08\/Affiche-HD-Ultavia-215x300.jpg 215w, https:\/\/labourseades.fr\/wordpress\/wp-content\/uploads\/2019\/08\/Affiche-HD-Ultavia-768x1071.jpg 768w\" sizes=\"(max-width: 735px) 100vw, 735px\" \/><\/figure>\n\n\n\n<figure class=\"wp-block-image size-large\"><img loading=\"lazy\" decoding=\"async\" width=\"734\" height=\"1024\" data-id=\"161\" src=\"https:\/\/labourseades.fr\/wordpress\/wp-content\/uploads\/2019\/08\/2018_Festival_Ultavia_A3-734x1024.jpg\" alt=\"\" class=\"wp-image-161\" srcset=\"https:\/\/labourseades.fr\/wordpress\/wp-content\/uploads\/2019\/08\/2018_Festival_Ultavia_A3-734x1024.jpg 734w, https:\/\/labourseades.fr\/wordpress\/wp-content\/uploads\/2019\/08\/2018_Festival_Ultavia_A3-215x300.jpg 215w, https:\/\/labourseades.fr\/wordpress\/wp-content\/uploads\/2019\/08\/2018_Festival_Ultavia_A3-768x1071.jpg 768w\" sizes=\"(max-width: 734px) 100vw, 734px\" \/><\/figure>\n\n\n\n<figure class=\"wp-block-image size-large\"><img loading=\"lazy\" decoding=\"async\" width=\"734\" height=\"1024\" data-id=\"162\" src=\"https:\/\/labourseades.fr\/wordpress\/wp-content\/uploads\/2019\/08\/2019_Festival_Ultavia_all-1-734x1024.jpg\" alt=\"\" class=\"wp-image-162\" srcset=\"https:\/\/labourseades.fr\/wordpress\/wp-content\/uploads\/2019\/08\/2019_Festival_Ultavia_all-1-734x1024.jpg 734w, https:\/\/labourseades.fr\/wordpress\/wp-content\/uploads\/2019\/08\/2019_Festival_Ultavia_all-1-215x300.jpg 215w, https:\/\/labourseades.fr\/wordpress\/wp-content\/uploads\/2019\/08\/2019_Festival_Ultavia_all-1-768x1071.jpg 768w\" sizes=\"(max-width: 734px) 100vw, 734px\" \/><\/figure>\n\n\n\n<figure class=\"wp-block-image size-large\"><img loading=\"lazy\" decoding=\"async\" width=\"735\" height=\"1024\" data-id=\"671\" src=\"https:\/\/labourseades.fr\/wordpress\/wp-content\/uploads\/2020\/09\/2020_Festival_Ultavia_Physique-735x1024.jpg\" alt=\"\" class=\"wp-image-671\" srcset=\"https:\/\/labourseades.fr\/wordpress\/wp-content\/uploads\/2020\/09\/2020_Festival_Ultavia_Physique-735x1024.jpg 735w, https:\/\/labourseades.fr\/wordpress\/wp-content\/uploads\/2020\/09\/2020_Festival_Ultavia_Physique-215x300.jpg 215w, https:\/\/labourseades.fr\/wordpress\/wp-content\/uploads\/2020\/09\/2020_Festival_Ultavia_Physique-768x1071.jpg 768w, https:\/\/labourseades.fr\/wordpress\/wp-content\/uploads\/2020\/09\/2020_Festival_Ultavia_Physique-1102x1536.jpg 1102w, https:\/\/labourseades.fr\/wordpress\/wp-content\/uploads\/2020\/09\/2020_Festival_Ultavia_Physique-1469x2048.jpg 1469w, https:\/\/labourseades.fr\/wordpress\/wp-content\/uploads\/2020\/09\/2020_Festival_Ultavia_Physique-scaled.jpg 1836w\" sizes=\"(max-width: 735px) 100vw, 735px\" \/><\/figure>\n\n\n\n<figure class=\"wp-block-image size-large\"><img loading=\"lazy\" decoding=\"async\" width=\"633\" height=\"885\" data-id=\"1151\" src=\"https:\/\/labourseades.fr\/wordpress\/wp-content\/uploads\/2021\/10\/Aff-U7.png\" alt=\"\" class=\"wp-image-1151\" srcset=\"https:\/\/labourseades.fr\/wordpress\/wp-content\/uploads\/2021\/10\/Aff-U7.png 633w, https:\/\/labourseades.fr\/wordpress\/wp-content\/uploads\/2021\/10\/Aff-U7-215x300.png 215w\" sizes=\"(max-width: 633px) 100vw, 633px\" \/><\/figure>\n\n\n\n<figure class=\"wp-block-image size-large\"><img loading=\"lazy\" decoding=\"async\" width=\"728\" height=\"1024\" data-id=\"1307\" src=\"https:\/\/labourseades.fr\/wordpress\/wp-content\/uploads\/2022\/06\/A3-complete-avecfondperdu-728x1024.jpg\" alt=\"\" class=\"wp-image-1307\" srcset=\"https:\/\/labourseades.fr\/wordpress\/wp-content\/uploads\/2022\/06\/A3-complete-avecfondperdu-728x1024.jpg 728w, https:\/\/labourseades.fr\/wordpress\/wp-content\/uploads\/2022\/06\/A3-complete-avecfondperdu-213x300.jpg 213w, https:\/\/labourseades.fr\/wordpress\/wp-content\/uploads\/2022\/06\/A3-complete-avecfondperdu-768x1080.jpg 768w, https:\/\/labourseades.fr\/wordpress\/wp-content\/uploads\/2022\/06\/A3-complete-avecfondperdu-1092x1536.jpg 1092w, https:\/\/labourseades.fr\/wordpress\/wp-content\/uploads\/2022\/06\/A3-complete-avecfondperdu-1456x2048.jpg 1456w, https:\/\/labourseades.fr\/wordpress\/wp-content\/uploads\/2022\/06\/A3-complete-avecfondperdu-scaled.jpg 1820w\" sizes=\"(max-width: 728px) 100vw, 728px\" \/><\/figure>\n\n\n\n<figure class=\"wp-block-image size-large\"><img loading=\"lazy\" decoding=\"async\" width=\"728\" height=\"1024\" data-id=\"1973\" src=\"https:\/\/labourseades.fr\/wordpress\/wp-content\/uploads\/2025\/01\/A3-Ultavia-2023-728x1024.jpg\" alt=\"\" class=\"wp-image-1973\" srcset=\"https:\/\/labourseades.fr\/wordpress\/wp-content\/uploads\/2025\/01\/A3-Ultavia-2023-728x1024.jpg 728w, https:\/\/labourseades.fr\/wordpress\/wp-content\/uploads\/2025\/01\/A3-Ultavia-2023-213x300.jpg 213w, https:\/\/labourseades.fr\/wordpress\/wp-content\/uploads\/2025\/01\/A3-Ultavia-2023-768x1081.jpg 768w, https:\/\/labourseades.fr\/wordpress\/wp-content\/uploads\/2025\/01\/A3-Ultavia-2023-1091x1536.jpg 1091w, https:\/\/labourseades.fr\/wordpress\/wp-content\/uploads\/2025\/01\/A3-Ultavia-2023-1455x2048.jpg 1455w, https:\/\/labourseades.fr\/wordpress\/wp-content\/uploads\/2025\/01\/A3-Ultavia-2023-scaled.jpg 1819w\" sizes=\"(max-width: 728px) 100vw, 728px\" \/><\/figure>\n<\/figure>\n\n\n\n<h2 class=\"wp-block-heading\">Adh\u00e9sion \u00e0 l&#8217;association<\/h2>\n\n\n\n<p>L&#8217;adh\u00e9sion \u00e0 l&#8217;association est fix\u00e9e \u00e0 20 euros pour la p\u00e9riode 2023 &#8211; 2024. Le montant de la cotisation est vot\u00e9 lors de chaque Assembl\u00e9e G\u00e9n\u00e9rale de l&#8217;association.<\/p>\n\n\n\n<h2 class=\"wp-block-heading\">Adh\u00e9sion(s) de l&#8217;association<\/h2>\n\n\n\n<p>La Bourse \u00e0 D\u00e9s adh\u00e8re \u00e0 l&#8217;association F\u00e9d\u00e9ration Fran\u00e7aise de Jeu de R\u00f4le pour la p\u00e9riode 2019 &#8211; 2020. Elle adh\u00e8re \u00e0 la FFJDR depuis 2017.<br>La Bourse \u00e0 D\u00e9s adh\u00e8re \u00e0 l&#8217;association Radio Pulsar pour la p\u00e9riode 2019 &#8211; 2020. Elle adh\u00e8re \u00e0 Radio Pulsar depuis 2016.<\/p>\n\n\n\n<figure class=\"wp-block-gallery has-nested-images columns-default is-cropped wp-block-gallery-2 is-layout-flex wp-block-gallery-is-layout-flex\">\n<figure class=\"wp-block-image size-large\"><img loading=\"lazy\" decoding=\"async\" width=\"915\" height=\"849\" data-id=\"156\" src=\"https:\/\/labourseades.fr\/wordpress\/wp-content\/uploads\/2019\/08\/njknl.jpg\" alt=\"\" class=\"wp-image-156\" srcset=\"https:\/\/labourseades.fr\/wordpress\/wp-content\/uploads\/2019\/08\/njknl.jpg 915w, https:\/\/labourseades.fr\/wordpress\/wp-content\/uploads\/2019\/08\/njknl-300x278.jpg 300w, https:\/\/labourseades.fr\/wordpress\/wp-content\/uploads\/2019\/08\/njknl-768x713.jpg 768w\" sizes=\"(max-width: 915px) 100vw, 915px\" \/><figcaption class=\"wp-element-caption\"><a href=\"http:\/\/www.radio-pulsar.org\/\" class=\"aioseop-link\">Radio Pulsar<\/a><\/figcaption><\/figure>\n\n\n\n<figure class=\"wp-block-image size-large\"><img loading=\"lazy\" decoding=\"async\" width=\"1024\" height=\"921\" data-id=\"157\" src=\"https:\/\/labourseades.fr\/wordpress\/wp-content\/uploads\/2019\/08\/serrcgu-1024x921.jpg\" alt=\"\" class=\"wp-image-157\" srcset=\"https:\/\/labourseades.fr\/wordpress\/wp-content\/uploads\/2019\/08\/serrcgu-1024x921.jpg 1024w, https:\/\/labourseades.fr\/wordpress\/wp-content\/uploads\/2019\/08\/serrcgu-300x270.jpg 300w, https:\/\/labourseades.fr\/wordpress\/wp-content\/uploads\/2019\/08\/serrcgu-768x690.jpg 768w, https:\/\/labourseades.fr\/wordpress\/wp-content\/uploads\/2019\/08\/serrcgu.jpg 2000w\" sizes=\"(max-width: 1024px) 100vw, 1024px\" \/><figcaption class=\"wp-element-caption\"><a href=\"http:\/\/www.ffjdr.org\/\" class=\"aioseop-link\">F\u00e9d\u00e9ration fran\u00e7aise de jeu de r\u00f4le <\/a><\/figcaption><\/figure>\n<\/figure>\n","protected":false},"excerpt":{"rendered":"<p>Vous pouvez retrouver ici toutes les informations publiques concernant La Bourse \u00e0 D\u00e9s. La charte du b\u00e9n\u00e9vole est \u00e0 disposition<\/p>\n","protected":false},"author":2,"featured_media":0,"parent":0,"menu_order":0,"comment_status":"closed","ping_status":"closed","template":"","meta":{"footnotes":""},"aioseo_notices":[],"_links":{"self":[{"href":"https:\/\/labourseades.fr\/index.php\/wp-json\/wp\/v2\/pages\/34"}],"collection":[{"href":"https:\/\/labourseades.fr\/index.php\/wp-json\/wp\/v2\/pages"}],"about":[{"href":"https:\/\/labourseades.fr\/index.php\/wp-json\/wp\/v2\/types\/page"}],"author":[{"embeddable":true,"href":"https:\/\/labourseades.fr\/index.php\/wp-json\/wp\/v2\/users\/2"}],"replies":[{"embeddable":true,"href":"https:\/\/labourseades.fr\/index.php\/wp-json\/wp\/v2\/comments?post=34"}],"version-history":[{"count":14,"href":"https:\/\/labourseades.fr\/index.php\/wp-json\/wp\/v2\/pages\/34\/revisions"}],"predecessor-version":[{"id":2260,"href":"https:\/\/labourseades.fr\/index.php\/wp-json\/wp\/v2\/pages\/34\/revisions\/2260"}],"wp:attachment":[{"href":"https:\/\/labourseades.fr\/index.php\/wp-json\/wp\/v2\/media?parent=34"}],"curies":[{"name":"wp","href":"https:\/\/api.w.org\/{rel}","templated":true}]}}