{"id":103,"date":"2019-08-10T23:41:16","date_gmt":"2019-08-10T21:41:16","guid":{"rendered":"http:\/\/labourseades.fr\/wordpress\/?page_id=103"},"modified":"2022-05-05T01:58:16","modified_gmt":"2022-05-04T23:58:16","slug":"nos-permanences","status":"publish","type":"page","link":"https:\/\/labourseades.fr\/index.php\/nos-permanences\/","title":{"rendered":"Nos permanences"},"content":{"rendered":"\n<p>La Bourse  \u00e0 D\u00e9s organise des animations r\u00e9guli\u00e8res autour du jeu de soci\u00e9t\u00e9 et du jeu de r\u00f4le. C&#8217;est l&#8217;occasion parfaite pour d\u00e9couvrir l&#8217;association, de nouveaux jeux ou tout simplement s&#8217;amuser tout au long de l&#8217;ann\u00e9e.<\/p>\n\n\n\n<h3 class=\"wp-block-heading\">Permanences jeux de r\u00f4le<\/h3>\n\n\n\n<figure class=\"wp-block-image size-large\"><img loading=\"lazy\" decoding=\"async\" width=\"724\" height=\"1024\" src=\"https:\/\/labourseades.fr\/wordpress\/wp-content\/uploads\/2022\/05\/Affiche-LBD-2022-724x1024.png\" alt=\"\" class=\"wp-image-1295\" srcset=\"https:\/\/labourseades.fr\/wordpress\/wp-content\/uploads\/2022\/05\/Affiche-LBD-2022-724x1024.png 724w, https:\/\/labourseades.fr\/wordpress\/wp-content\/uploads\/2022\/05\/Affiche-LBD-2022-212x300.png 212w, https:\/\/labourseades.fr\/wordpress\/wp-content\/uploads\/2022\/05\/Affiche-LBD-2022-768x1086.png 768w, https:\/\/labourseades.fr\/wordpress\/wp-content\/uploads\/2022\/05\/Affiche-LBD-2022-1086x1536.png 1086w, https:\/\/labourseades.fr\/wordpress\/wp-content\/uploads\/2022\/05\/Affiche-LBD-2022-1448x2048.png 1448w, https:\/\/labourseades.fr\/wordpress\/wp-content\/uploads\/2022\/05\/Affiche-LBD-2022.png 1587w\" sizes=\"(max-width: 724px) 100vw, 724px\" \/><\/figure>\n\n\n\n<p>Les permanences jeux de r\u00f4le ont lieu chaque lundi soir en salle Multim\u00e9dia du b\u00e2timent A de la r\u00e9sidence universitaire Descartes. Elles sont ouvertes \u00e0 tout le monde, \u00e9tudiant ou pas, connaissant le jeu de r\u00f4le ou pas. Pour participer, il suffit de s&#8217;inscrire \u00e0 une table via l&#8217;\u00e9v\u00e9nement cr\u00e9\u00e9 chaque semaine sur Facebook. Si vous \u00eates Ma\u00eetre.esse de jeu, vous pouvez bien entendu proposer une partie en contactant l&#8217;association ! Les permanences peuvent \u00e9galement accueillir des ateliers pour apprendre \u00e0 cr\u00e9er des sc\u00e9narios et ma\u00eetriser du jeu de r\u00f4le, des tables-rondes et des murder party.<\/p>\n\n\n\n<p>Chaque premier lundi du mois est l&#8217;occasion d&#8217;une permanence sp\u00e9ciale Chamboule-Tout ! Lors de ces soir\u00e9es, les campagnes sont suspendues et seuls des sc\u00e9narios one-shot, qui se r\u00e9soudront dans la soir\u00e9e, seront propos\u00e9s. C&#8217;est le meilleur moment pour s&#8217;essayer au jeu de r\u00f4le ou tenter de nouveaux jeux.<\/p>\n\n\n\n<p>Certaines permanences Chamboule-Tout sont d&#8217;ailleurs sp\u00e9ciales ! Nous choisissons alors un th\u00e8me en particulier pour vous proposer une soir\u00e9e qui sort de l&#8217;ordinaire. Soir\u00e9e sp\u00e9ciale murder party, table myst\u00e8re, soir\u00e9e Halloween, il y a de quoi \u00eatre surpris !<\/p>\n\n\n\n<figure class=\"wp-block-gallery columns-2 wp-block-gallery-1 is-layout-flex wp-block-gallery-is-layout-flex\"><ul class=\"blocks-gallery-grid\"><li class=\"blocks-gallery-item\"><figure><img loading=\"lazy\" decoding=\"async\" width=\"1024\" height=\"768\" src=\"https:\/\/labourseades.fr\/wordpress\/wp-content\/uploads\/2019\/08\/IMG_4730-e1567130870293-1024x768.jpg\" alt=\"\" data-id=\"377\" data-link=\"https:\/\/labourseades.fr\/index.php\/nos-permanences\/img_4730\/\" class=\"wp-image-377\" srcset=\"https:\/\/labourseades.fr\/wordpress\/wp-content\/uploads\/2019\/08\/IMG_4730-e1567130870293-1024x768.jpg 1024w, https:\/\/labourseades.fr\/wordpress\/wp-content\/uploads\/2019\/08\/IMG_4730-e1567130870293-300x225.jpg 300w, https:\/\/labourseades.fr\/wordpress\/wp-content\/uploads\/2019\/08\/IMG_4730-e1567130870293-768x576.jpg 768w\" sizes=\"(max-width: 1024px) 100vw, 1024px\" \/><\/figure><\/li><li class=\"blocks-gallery-item\"><figure><img loading=\"lazy\" decoding=\"async\" width=\"1024\" height=\"768\" src=\"https:\/\/labourseades.fr\/wordpress\/wp-content\/uploads\/2019\/08\/IMG_4733-e1567130942570-1024x768.jpg\" alt=\"\" data-id=\"378\" data-link=\"https:\/\/labourseades.fr\/index.php\/nos-permanences\/img_4733\/\" class=\"wp-image-378\" srcset=\"https:\/\/labourseades.fr\/wordpress\/wp-content\/uploads\/2019\/08\/IMG_4733-e1567130942570-1024x768.jpg 1024w, https:\/\/labourseades.fr\/wordpress\/wp-content\/uploads\/2019\/08\/IMG_4733-e1567130942570-300x225.jpg 300w, https:\/\/labourseades.fr\/wordpress\/wp-content\/uploads\/2019\/08\/IMG_4733-e1567130942570-768x576.jpg 768w\" sizes=\"(max-width: 1024px) 100vw, 1024px\" \/><\/figure><\/li><li class=\"blocks-gallery-item\"><figure><img loading=\"lazy\" decoding=\"async\" width=\"1024\" height=\"768\" src=\"https:\/\/labourseades.fr\/wordpress\/wp-content\/uploads\/2019\/08\/IMG_4755-e1567130962237-1024x768.jpg\" alt=\"\" data-id=\"379\" data-link=\"https:\/\/labourseades.fr\/index.php\/nos-permanences\/img_4755\/\" class=\"wp-image-379\" srcset=\"https:\/\/labourseades.fr\/wordpress\/wp-content\/uploads\/2019\/08\/IMG_4755-e1567130962237-1024x768.jpg 1024w, https:\/\/labourseades.fr\/wordpress\/wp-content\/uploads\/2019\/08\/IMG_4755-e1567130962237-300x225.jpg 300w, https:\/\/labourseades.fr\/wordpress\/wp-content\/uploads\/2019\/08\/IMG_4755-e1567130962237-768x576.jpg 768w\" sizes=\"(max-width: 1024px) 100vw, 1024px\" \/><\/figure><\/li><li class=\"blocks-gallery-item\"><figure><img loading=\"lazy\" decoding=\"async\" width=\"1024\" height=\"768\" src=\"https:\/\/labourseades.fr\/wordpress\/wp-content\/uploads\/2019\/08\/IMG_4756-e1567130976644-1024x768.jpg\" alt=\"\" data-id=\"380\" data-link=\"https:\/\/labourseades.fr\/index.php\/nos-permanences\/img_4756\/\" class=\"wp-image-380\" srcset=\"https:\/\/labourseades.fr\/wordpress\/wp-content\/uploads\/2019\/08\/IMG_4756-e1567130976644-1024x768.jpg 1024w, https:\/\/labourseades.fr\/wordpress\/wp-content\/uploads\/2019\/08\/IMG_4756-e1567130976644-300x225.jpg 300w, https:\/\/labourseades.fr\/wordpress\/wp-content\/uploads\/2019\/08\/IMG_4756-e1567130976644-768x576.jpg 768w\" sizes=\"(max-width: 1024px) 100vw, 1024px\" \/><\/figure><\/li><li class=\"blocks-gallery-item\"><figure><img loading=\"lazy\" decoding=\"async\" width=\"1024\" height=\"768\" src=\"https:\/\/labourseades.fr\/wordpress\/wp-content\/uploads\/2019\/08\/IMG_4759-e1567130990161-1024x768.jpg\" alt=\"\" data-id=\"381\" data-link=\"https:\/\/labourseades.fr\/index.php\/nos-permanences\/img_4759\/\" class=\"wp-image-381\" srcset=\"https:\/\/labourseades.fr\/wordpress\/wp-content\/uploads\/2019\/08\/IMG_4759-e1567130990161-1024x768.jpg 1024w, https:\/\/labourseades.fr\/wordpress\/wp-content\/uploads\/2019\/08\/IMG_4759-e1567130990161-300x225.jpg 300w, https:\/\/labourseades.fr\/wordpress\/wp-content\/uploads\/2019\/08\/IMG_4759-e1567130990161-768x576.jpg 768w\" sizes=\"(max-width: 1024px) 100vw, 1024px\" \/><\/figure><\/li><li class=\"blocks-gallery-item\"><figure><img loading=\"lazy\" decoding=\"async\" width=\"768\" height=\"1024\" src=\"https:\/\/labourseades.fr\/wordpress\/wp-content\/uploads\/2019\/08\/IMG_4837-e1567131028909-768x1024.jpg\" alt=\"\" data-id=\"382\" data-link=\"https:\/\/labourseades.fr\/index.php\/nos-permanences\/img_4837\/\" class=\"wp-image-382\" srcset=\"https:\/\/labourseades.fr\/wordpress\/wp-content\/uploads\/2019\/08\/IMG_4837-e1567131028909-768x1024.jpg 768w, https:\/\/labourseades.fr\/wordpress\/wp-content\/uploads\/2019\/08\/IMG_4837-e1567131028909-225x300.jpg 225w\" sizes=\"(max-width: 768px) 100vw, 768px\" \/><\/figure><\/li><li class=\"blocks-gallery-item\"><figure><img loading=\"lazy\" decoding=\"async\" width=\"1024\" height=\"768\" src=\"https:\/\/labourseades.fr\/wordpress\/wp-content\/uploads\/2019\/08\/IMG_4838-e1567131043840-1024x768.jpg\" alt=\"\" data-id=\"383\" data-link=\"https:\/\/labourseades.fr\/index.php\/nos-permanences\/img_4838\/\" class=\"wp-image-383\" srcset=\"https:\/\/labourseades.fr\/wordpress\/wp-content\/uploads\/2019\/08\/IMG_4838-e1567131043840-1024x768.jpg 1024w, https:\/\/labourseades.fr\/wordpress\/wp-content\/uploads\/2019\/08\/IMG_4838-e1567131043840-300x225.jpg 300w, https:\/\/labourseades.fr\/wordpress\/wp-content\/uploads\/2019\/08\/IMG_4838-e1567131043840-768x576.jpg 768w\" sizes=\"(max-width: 1024px) 100vw, 1024px\" \/><\/figure><\/li><li class=\"blocks-gallery-item\"><figure><img loading=\"lazy\" decoding=\"async\" width=\"1024\" height=\"768\" src=\"https:\/\/labourseades.fr\/wordpress\/wp-content\/uploads\/2019\/08\/IMG_4839-e1567131056238-1024x768.jpg\" alt=\"\" data-id=\"384\" data-link=\"https:\/\/labourseades.fr\/index.php\/nos-permanences\/img_4839\/\" class=\"wp-image-384\" srcset=\"https:\/\/labourseades.fr\/wordpress\/wp-content\/uploads\/2019\/08\/IMG_4839-e1567131056238-1024x768.jpg 1024w, https:\/\/labourseades.fr\/wordpress\/wp-content\/uploads\/2019\/08\/IMG_4839-e1567131056238-300x225.jpg 300w, https:\/\/labourseades.fr\/wordpress\/wp-content\/uploads\/2019\/08\/IMG_4839-e1567131056238-768x576.jpg 768w\" sizes=\"(max-width: 1024px) 100vw, 1024px\" \/><\/figure><\/li><li class=\"blocks-gallery-item\"><figure><img loading=\"lazy\" decoding=\"async\" width=\"1024\" height=\"768\" src=\"https:\/\/labourseades.fr\/wordpress\/wp-content\/uploads\/2019\/08\/IMG_4840-e1567131072529-1024x768.jpg\" alt=\"\" data-id=\"385\" data-link=\"https:\/\/labourseades.fr\/index.php\/nos-permanences\/img_4840\/\" class=\"wp-image-385\" srcset=\"https:\/\/labourseades.fr\/wordpress\/wp-content\/uploads\/2019\/08\/IMG_4840-e1567131072529-1024x768.jpg 1024w, https:\/\/labourseades.fr\/wordpress\/wp-content\/uploads\/2019\/08\/IMG_4840-e1567131072529-300x225.jpg 300w, https:\/\/labourseades.fr\/wordpress\/wp-content\/uploads\/2019\/08\/IMG_4840-e1567131072529-768x576.jpg 768w\" sizes=\"(max-width: 1024px) 100vw, 1024px\" \/><\/figure><\/li><li class=\"blocks-gallery-item\"><figure><img loading=\"lazy\" decoding=\"async\" width=\"1024\" height=\"768\" src=\"https:\/\/labourseades.fr\/wordpress\/wp-content\/uploads\/2019\/08\/IMG_4843-e1567131084518-1024x768.jpg\" alt=\"\" data-id=\"386\" data-link=\"https:\/\/labourseades.fr\/index.php\/nos-permanences\/img_4843\/\" class=\"wp-image-386\" srcset=\"https:\/\/labourseades.fr\/wordpress\/wp-content\/uploads\/2019\/08\/IMG_4843-e1567131084518-1024x768.jpg 1024w, https:\/\/labourseades.fr\/wordpress\/wp-content\/uploads\/2019\/08\/IMG_4843-e1567131084518-300x225.jpg 300w, https:\/\/labourseades.fr\/wordpress\/wp-content\/uploads\/2019\/08\/IMG_4843-e1567131084518-768x576.jpg 768w\" sizes=\"(max-width: 1024px) 100vw, 1024px\" \/><\/figure><\/li><li class=\"blocks-gallery-item\"><figure><img loading=\"lazy\" decoding=\"async\" width=\"1024\" height=\"768\" src=\"https:\/\/labourseades.fr\/wordpress\/wp-content\/uploads\/2019\/08\/IMG_4963-e1567131097901-1024x768.jpg\" alt=\"\" data-id=\"387\" data-link=\"https:\/\/labourseades.fr\/index.php\/nos-permanences\/img_4963\/\" class=\"wp-image-387\" srcset=\"https:\/\/labourseades.fr\/wordpress\/wp-content\/uploads\/2019\/08\/IMG_4963-e1567131097901-1024x768.jpg 1024w, https:\/\/labourseades.fr\/wordpress\/wp-content\/uploads\/2019\/08\/IMG_4963-e1567131097901-300x225.jpg 300w, https:\/\/labourseades.fr\/wordpress\/wp-content\/uploads\/2019\/08\/IMG_4963-e1567131097901-768x576.jpg 768w\" sizes=\"(max-width: 1024px) 100vw, 1024px\" \/><\/figure><\/li><\/ul><\/figure>\n\n\n\n<h3 class=\"wp-block-heading\">Soir\u00e9es jeux de soci\u00e9t\u00e9<\/h3>\n\n\n\n<figure class=\"wp-block-image size-large\"><img loading=\"lazy\" decoding=\"async\" width=\"724\" height=\"1024\" src=\"https:\/\/labourseades.fr\/wordpress\/wp-content\/uploads\/2020\/10\/Affiche-JdP-MdE-724x1024.jpg\" alt=\"\" class=\"wp-image-837\" srcset=\"https:\/\/labourseades.fr\/wordpress\/wp-content\/uploads\/2020\/10\/Affiche-JdP-MdE-724x1024.jpg 724w, https:\/\/labourseades.fr\/wordpress\/wp-content\/uploads\/2020\/10\/Affiche-JdP-MdE-212x300.jpg 212w, https:\/\/labourseades.fr\/wordpress\/wp-content\/uploads\/2020\/10\/Affiche-JdP-MdE-768x1086.jpg 768w, https:\/\/labourseades.fr\/wordpress\/wp-content\/uploads\/2020\/10\/Affiche-JdP-MdE-1086x1536.jpg 1086w, https:\/\/labourseades.fr\/wordpress\/wp-content\/uploads\/2020\/10\/Affiche-JdP-MdE-1448x2048.jpg 1448w, https:\/\/labourseades.fr\/wordpress\/wp-content\/uploads\/2020\/10\/Affiche-JdP-MdE.jpg 1587w\" sizes=\"(max-width: 724px) 100vw, 724px\" \/><\/figure>\n\n\n\n<p>Les soir\u00e9es jeux de soci\u00e9t\u00e9 se d\u00e9roulent \u00e0 la Maison des Etudiants, une fois par mois de 19h30 \u00e0 22h. Vous pourrez venir y d\u00e9couvrir des jeux de soci\u00e9t\u00e9 avec l&#8217;aide de nos animateurs qui pourront vous expliquer les r\u00e8gles et vous pr\u00e9senter les jeux. Les soir\u00e9es jeux de soci\u00e9t\u00e9 sont aussi l&#8217;occasion de participer \u00e0 des ateliers Do It Yourself, en fabriquant des jeux de soci\u00e9t\u00e9 en Print&amp;Play soi-m\u00eame et en repartant avec !<\/p>\n\n\n\n<figure class=\"wp-block-gallery columns-0 is-cropped wp-block-gallery-2 is-layout-flex wp-block-gallery-is-layout-flex\"><ul class=\"blocks-gallery-grid\"><\/ul><\/figure>\n","protected":false},"excerpt":{"rendered":"<p>La Bourse \u00e0 D\u00e9s organise des animations r\u00e9guli\u00e8res autour du jeu de soci\u00e9t\u00e9 et du jeu de r\u00f4le. C&#8217;est l&#8217;occasion<\/p>\n","protected":false},"author":2,"featured_media":0,"parent":0,"menu_order":0,"comment_status":"closed","ping_status":"closed","template":"","meta":{"footnotes":""},"aioseo_notices":[],"_links":{"self":[{"href":"https:\/\/labourseades.fr\/index.php\/wp-json\/wp\/v2\/pages\/103"}],"collection":[{"href":"https:\/\/labourseades.fr\/index.php\/wp-json\/wp\/v2\/pages"}],"about":[{"href":"https:\/\/labourseades.fr\/index.php\/wp-json\/wp\/v2\/types\/page"}],"author":[{"embeddable":true,"href":"https:\/\/labourseades.fr\/index.php\/wp-json\/wp\/v2\/users\/2"}],"replies":[{"embeddable":true,"href":"https:\/\/labourseades.fr\/index.php\/wp-json\/wp\/v2\/comments?post=103"}],"version-history":[{"count":5,"href":"https:\/\/labourseades.fr\/index.php\/wp-json\/wp\/v2\/pages\/103\/revisions"}],"predecessor-version":[{"id":1296,"href":"https:\/\/labourseades.fr\/index.php\/wp-json\/wp\/v2\/pages\/103\/revisions\/1296"}],"wp:attachment":[{"href":"https:\/\/labourseades.fr\/index.php\/wp-json\/wp\/v2\/media?parent=103"}],"curies":[{"name":"wp","href":"https:\/\/api.w.org\/{rel}","templated":true}]}}